{"id":12771,"date":"2025-06-19T17:01:22","date_gmt":"2025-06-19T22:01:22","guid":{"rendered":"https:\/\/ucal.edu.pe\/carreras-universitarias\/?page_id=12771"},"modified":"2025-07-08T09:42:10","modified_gmt":"2025-07-08T14:42:10","slug":"pm","status":"publish","type":"page","link":"https:\/\/ucal.edu.pe\/carreras-universitarias\/pm\/","title":{"rendered":"Carreras Universitarias"},"content":{"rendered":"","protected":false},"excerpt":{"rendered":"","protected":false},"author":1,"featured_media":0,"parent":0,"menu_order":0,"comment_status":"closed","ping_status":"closed","template":"","meta":{"footnotes":""},"wf_page_folders":[7],"class_list":["post-12771","page","type-page","status-publish","hentry"],"yoast_head":"<!-- This site is optimized with the Yoast SEO plugin v23.0 - https:\/\/yoast.com\/wordpress\/plugins\/seo\/ -->\n<title>Carreras UCAL: La Educaci\u00f3n del Futuro Ahora M\u00e1s Accesible<\/title>\n<meta name=\"description\" content=\"Explora las carreras universitarias de UCAL. Desarrolla tu talento con carreras de arquitectura, dise\u00f1o, comunicaciones, negocios, psicolog\u00eda y m\u00e1s\" \/>\n<meta name=\"robots\" content=\"index, follow, max-snippet:-1, max-image-preview:large, max-video-preview:-1\" \/>\n<link rel=\"canonical\" href=\"https:\/\/ucal.edu.pe\/carreras-universitarias\/pm\/\" \/>\n<meta property=\"og:locale\" content=\"en_US\" \/>\n<meta property=\"og:type\" content=\"article\" \/>\n<meta property=\"og:title\" content=\"Carreras UCAL: La Educaci\u00f3n del Futuro Ahora M\u00e1s Accesible\" \/>\n<meta property=\"og:description\" content=\"Explora las carreras universitarias de UCAL. Desarrolla tu talento con carreras de arquitectura, dise\u00f1o, comunicaciones, negocios, psicolog\u00eda y m\u00e1s\" \/>\n<meta property=\"og:url\" content=\"https:\/\/ucal.edu.pe\/carreras-universitarias\/pm\/\" \/>\n<meta property=\"og:site_name\" content=\"UCAL\" \/>\n<meta property=\"article:modified_time\" content=\"2025-07-08T14:42:10+00:00\" \/>\n<meta name=\"twitter:card\" content=\"summary_large_image\" \/>\n<meta name=\"twitter:label1\" content=\"Est. reading time\" \/>\n\t<meta name=\"twitter:data1\" content=\"16 minutes\" \/>\n<script type=\"application\/ld+json\" class=\"yoast-schema-graph\">{\"@context\":\"https:\/\/schema.org\",\"@graph\":[{\"@type\":\"WebPage\",\"@id\":\"https:\/\/ucal.edu.pe\/carreras-universitarias\/pm\/\",\"url\":\"https:\/\/ucal.edu.pe\/carreras-universitarias\/pm\/\",\"name\":\"Carreras UCAL: La Educaci\u00f3n del Futuro Ahora M\u00e1s Accesible\",\"isPartOf\":{\"@id\":\"https:\/\/ucal.edu.pe\/carreras-universitarias\/#website\"},\"datePublished\":\"2025-06-19T22:01:22+00:00\",\"dateModified\":\"2025-07-08T14:42:10+00:00\",\"description\":\"Explora las carreras universitarias de UCAL. Desarrolla tu talento con carreras de arquitectura, dise\u00f1o, comunicaciones, negocios, psicolog\u00eda y m\u00e1s\",\"breadcrumb\":{\"@id\":\"https:\/\/ucal.edu.pe\/carreras-universitarias\/pm\/#breadcrumb\"},\"inLanguage\":\"en-US\",\"potentialAction\":[{\"@type\":\"ReadAction\",\"target\":[\"https:\/\/ucal.edu.pe\/carreras-universitarias\/pm\/\"]}]},{\"@type\":\"BreadcrumbList\",\"@id\":\"https:\/\/ucal.edu.pe\/carreras-universitarias\/pm\/#breadcrumb\",\"itemListElement\":[{\"@type\":\"ListItem\",\"position\":1,\"name\":\"Home\",\"item\":\"https:\/\/ucal.edu.pe\/carreras-universitarias\/\"},{\"@type\":\"ListItem\",\"position\":2,\"name\":\"Carreras Universitarias\"}]},{\"@type\":\"WebSite\",\"@id\":\"https:\/\/ucal.edu.pe\/carreras-universitarias\/#website\",\"url\":\"https:\/\/ucal.edu.pe\/carreras-universitarias\/\",\"name\":\"UCAL\",\"description\":\"\",\"potentialAction\":[{\"@type\":\"SearchAction\",\"target\":{\"@type\":\"EntryPoint\",\"urlTemplate\":\"https:\/\/ucal.edu.pe\/carreras-universitarias\/?s={search_term_string}\"},\"query-input\":\"required name=search_term_string\"}],\"inLanguage\":\"en-US\"}]}<\/script>\n<!-- \/ Yoast SEO plugin. -->","yoast_head_json":{"title":"Carreras UCAL: La Educaci\u00f3n del Futuro Ahora M\u00e1s Accesible","description":"Explora las carreras universitarias de UCAL. Desarrolla tu talento con carreras de arquitectura, dise\u00f1o, comunicaciones, negocios, psicolog\u00eda y m\u00e1s","robots":{"index":"index","follow":"follow","max-snippet":"max-snippet:-1","max-image-preview":"max-image-preview:large","max-video-preview":"max-video-preview:-1"},"canonical":"https:\/\/ucal.edu.pe\/carreras-universitarias\/pm\/","og_locale":"en_US","og_type":"article","og_title":"Carreras UCAL: La Educaci\u00f3n del Futuro Ahora M\u00e1s Accesible","og_description":"Explora las carreras universitarias de UCAL. Desarrolla tu talento con carreras de arquitectura, dise\u00f1o, comunicaciones, negocios, psicolog\u00eda y m\u00e1s","og_url":"https:\/\/ucal.edu.pe\/carreras-universitarias\/pm\/","og_site_name":"UCAL","article_modified_time":"2025-07-08T14:42:10+00:00","twitter_card":"summary_large_image","twitter_misc":{"Est. reading time":"16 minutes"},"schema":{"@context":"https:\/\/schema.org","@graph":[{"@type":"WebPage","@id":"https:\/\/ucal.edu.pe\/carreras-universitarias\/pm\/","url":"https:\/\/ucal.edu.pe\/carreras-universitarias\/pm\/","name":"Carreras UCAL: La Educaci\u00f3n del Futuro Ahora M\u00e1s Accesible","isPartOf":{"@id":"https:\/\/ucal.edu.pe\/carreras-universitarias\/#website"},"datePublished":"2025-06-19T22:01:22+00:00","dateModified":"2025-07-08T14:42:10+00:00","description":"Explora las carreras universitarias de UCAL. Desarrolla tu talento con carreras de arquitectura, dise\u00f1o, comunicaciones, negocios, psicolog\u00eda y m\u00e1s","breadcrumb":{"@id":"https:\/\/ucal.edu.pe\/carreras-universitarias\/pm\/#breadcrumb"},"inLanguage":"en-US","potentialAction":[{"@type":"ReadAction","target":["https:\/\/ucal.edu.pe\/carreras-universitarias\/pm\/"]}]},{"@type":"BreadcrumbList","@id":"https:\/\/ucal.edu.pe\/carreras-universitarias\/pm\/#breadcrumb","itemListElement":[{"@type":"ListItem","position":1,"name":"Home","item":"https:\/\/ucal.edu.pe\/carreras-universitarias\/"},{"@type":"ListItem","position":2,"name":"Carreras Universitarias"}]},{"@type":"WebSite","@id":"https:\/\/ucal.edu.pe\/carreras-universitarias\/#website","url":"https:\/\/ucal.edu.pe\/carreras-universitarias\/","name":"UCAL","description":"","potentialAction":[{"@type":"SearchAction","target":{"@type":"EntryPoint","urlTemplate":"https:\/\/ucal.edu.pe\/carreras-universitarias\/?s={search_term_string}"},"query-input":"required name=search_term_string"}],"inLanguage":"en-US"}]}},"_links":{"self":[{"href":"https:\/\/ucal.edu.pe\/carreras-universitarias\/wp-json\/wp\/v2\/pages\/12771","targetHints":{"allow":["GET"]}}],"collection":[{"href":"https:\/\/ucal.edu.pe\/carreras-universitarias\/wp-json\/wp\/v2\/pages"}],"about":[{"href":"https:\/\/ucal.edu.pe\/carreras-universitarias\/wp-json\/wp\/v2\/types\/page"}],"author":[{"embeddable":true,"href":"https:\/\/ucal.edu.pe\/carreras-universitarias\/wp-json\/wp\/v2\/users\/1"}],"replies":[{"embeddable":true,"href":"https:\/\/ucal.edu.pe\/carreras-universitarias\/wp-json\/wp\/v2\/comments?post=12771"}],"version-history":[{"count":14,"href":"https:\/\/ucal.edu.pe\/carreras-universitarias\/wp-json\/wp\/v2\/pages\/12771\/revisions"}],"predecessor-version":[{"id":13212,"href":"https:\/\/ucal.edu.pe\/carreras-universitarias\/wp-json\/wp\/v2\/pages\/12771\/revisions\/13212"}],"wp:attachment":[{"href":"https:\/\/ucal.edu.pe\/carreras-universitarias\/wp-json\/wp\/v2\/media?parent=12771"}],"wp:term":[{"taxonomy":"wf_page_folders","embeddable":true,"href":"https:\/\/ucal.edu.pe\/carreras-universitarias\/wp-json\/wp\/v2\/wf_page_folders?post=12771"}],"curies":[{"name":"wp","href":"https:\/\/api.w.org\/{rel}","templated":true}]}}